{"id":13137,"date":"2023-02-26T11:31:16","date_gmt":"2023-02-26T10:31:16","guid":{"rendered":"https:\/\/www.srilankatransfer.de\/?page_id=13137"},"modified":"2023-07-19T11:55:53","modified_gmt":"2023-07-19T09:55:53","slug":"sri-lanka-safari","status":"publish","type":"page","link":"https:\/\/www.srilankatransfer.de\/en\/sri-lanka-safari\/","title":{"rendered":"Sri Lanka Safari"},"content":{"rendered":"<div class=\"wpb-content-wrapper\"><div class=\"vc_row wpb_row vc_row-fluid\"><div class=\"wpb_column vc_column_container vc_col-sm-8\"><div class=\"vc_column-inner\"><div class=\"wpb_wrapper\">\n\t<div class=\"wpb_text_column wpb_content_element\" >\n\t\t<div class=\"wpb_wrapper\">\n\t\t\t<p>Many of our guests asked us if we had jeeps for a <a href=\"https:\/\/srilankasafari.de\/\" target=\"_blank\" rel=\"noopener\">Sri Lanka Safari<\/a> can provide. We can do that. Our office in Sri Lanka used to organize these on request. However, as this was quite cumbersome because, among other things, the pick-up address had to be known in advance, we have now put this product online and you can plan and book with Sri Lanka Safari with peace of mind.<br \/>\nWith Sri Lanka Safari we have access to a total of over 160 driver-guides and vehicles. All driver-guides have to complete a training course for their national park several times a year and provide us with the certificates. And they know \"their\" national park inside out.<br \/>\nAs with SRILANKATRANSFER, you book with <a href=\"https:\/\/srilankasafari.de\/\" target=\"_blank\" rel=\"noopener\">Sri Lanka Safari<\/a> their own jeep. So no group rides, late passengers and long waiting times. We pick you up at your hotel. We differentiate between four-wheel and two-wheel drive and the duration of the safari. We do not offer safaris of less than four hours. This allows us to drive deeper into the parks and guarantee many animal sightings.<\/p>\n\n\t\t<\/div>\n\t<\/div>\n<\/div><\/div><\/div><div class=\"wpb_column vc_column_container vc_col-sm-4\"><div class=\"vc_column-inner\"><div class=\"wpb_wrapper\">\n            <div data-column_count=\"2\" class=\"theme-component-gallery theme-component-gallery-type-2 theme-component-gallery-effect-type-0\">\n                <ul>\n                    \r\n            <li class=\"theme-component-gallery-item-width-25\">\r\n                <a class=\"theme-image-fancybox\" data-fancybox-group=\"autoride-gallery-1\" href=\"https:\/\/www.srilankatransfer.de\/wp-content\/uploads\/2023\/02\/Logo-Sri-Lanka-Safari-final.jpg\">\r\n                    <img decoding=\"async\" src=\"https:\/\/www.srilankatransfer.de\/wp-content\/uploads\/2023\/02\/Logo-Sri-Lanka-Safari-final.jpg\" alt=\"Image\"\/>\r\n                    \r\n                    <i><\/i>\r\n                <\/a>\r\n            <\/li>\r\n        \n                <\/ul>\n            <\/div>\n        <\/div><\/div><\/div><\/div><div class=\"vc_row wpb_row vc_row-fluid\"><div class=\"wpb_column vc_column_container vc_col-sm-1\/5\"><div class=\"vc_column-inner\"><div class=\"wpb_wrapper\">\n\t<div  class=\"wpb_single_image wpb_content_element vc_align_left wpb_content_element\">\n\t\t\n\t\t<figure class=\"wpb_wrapper vc_figure\">\n\t\t\t<a href=\"https:\/\/www.srilankatransfer.de\/wp-content\/uploads\/2023\/02\/Badende-Elefanten-Elefantenwaisenhaus-Pinnawela-Sri-Lanka-Safari-\u00a9-Jens-Hoernig-031-1024x577.jpg\" target=\"_self\" class=\"vc_single_image-wrapper   vc_box_border_grey\"><img loading=\"lazy\" decoding=\"async\" width=\"150\" height=\"150\" src=\"https:\/\/www.srilankatransfer.de\/wp-content\/uploads\/2023\/02\/Badende-Elefanten-Elefantenwaisenhaus-Pinnawela-Sri-Lanka-Safari-\u00a9-Jens-Hoernig-031-150x150.jpg\" class=\"vc_single_image-img attachment-thumbnail\" alt=\"\" title=\"Bathing elephants Elephant orphanage Pinnawela Sri Lanka Safari \u00a9 Jens Hoernig 031\" srcset=\"https:\/\/www.srilankatransfer.de\/wp-content\/uploads\/2023\/02\/Badende-Elefanten-Elefantenwaisenhaus-Pinnawela-Sri-Lanka-Safari-\u00a9-Jens-Hoernig-031-150x150.jpg 150w, https:\/\/www.srilankatransfer.de\/wp-content\/uploads\/2023\/02\/Badende-Elefanten-Elefantenwaisenhaus-Pinnawela-Sri-Lanka-Safari-\u00a9-Jens-Hoernig-031-300x300.jpg 300w, https:\/\/www.srilankatransfer.de\/wp-content\/uploads\/2023\/02\/Badende-Elefanten-Elefantenwaisenhaus-Pinnawela-Sri-Lanka-Safari-\u00a9-Jens-Hoernig-031-100x100.jpg 100w\" sizes=\"auto, (max-width: 150px) 100vw, 150px\" \/><\/a>\n\t\t<\/figure>\n\t<\/div>\n<\/div><\/div><\/div><div class=\"wpb_column vc_column_container vc_col-sm-1\/5\"><div class=\"vc_column-inner\"><div class=\"wpb_wrapper\">\n\t<div  class=\"wpb_single_image wpb_content_element vc_align_left wpb_content_element\">\n\t\t\n\t\t<figure class=\"wpb_wrapper vc_figure\">\n\t\t\t<a href=\"https:\/\/www.srilankatransfer.de\/wp-content\/uploads\/2023\/02\/Safari-Sri-Lanka-online-gebucht-\u00a9-Nimal-Safari-004.jpg\" target=\"_self\" class=\"vc_single_image-wrapper   vc_box_border_grey\"><img loading=\"lazy\" decoding=\"async\" width=\"150\" height=\"150\" src=\"https:\/\/www.srilankatransfer.de\/wp-content\/uploads\/2023\/02\/Safari-Sri-Lanka-online-gebucht-\u00a9-Nimal-Safari-004-150x150.jpg\" class=\"vc_single_image-img attachment-thumbnail\" alt=\"\" title=\"Safari Sri Lanka booked online \u00a9 Nimal Safari 004\" srcset=\"https:\/\/www.srilankatransfer.de\/wp-content\/uploads\/2023\/02\/Safari-Sri-Lanka-online-gebucht-\u00a9-Nimal-Safari-004-150x150.jpg 150w, https:\/\/www.srilankatransfer.de\/wp-content\/uploads\/2023\/02\/Safari-Sri-Lanka-online-gebucht-\u00a9-Nimal-Safari-004-300x300.jpg 300w, https:\/\/www.srilankatransfer.de\/wp-content\/uploads\/2023\/02\/Safari-Sri-Lanka-online-gebucht-\u00a9-Nimal-Safari-004-100x100.jpg 100w\" sizes=\"auto, (max-width: 150px) 100vw, 150px\" \/><\/a>\n\t\t<\/figure>\n\t<\/div>\n<\/div><\/div><\/div><div class=\"wpb_column vc_column_container vc_col-sm-1\/5\"><div class=\"vc_column-inner\"><div class=\"wpb_wrapper\">\n\t<div  class=\"wpb_single_image wpb_content_element vc_align_left wpb_content_element\">\n\t\t\n\t\t<figure class=\"wpb_wrapper vc_figure\">\n\t\t\t<a href=\"https:\/\/www.srilankatransfer.de\/wp-content\/uploads\/2023\/02\/Safari-Sri-Lanka-online-gebucht-\u00a9-Nimal-Safari-053.jpg\" target=\"_self\" class=\"vc_single_image-wrapper   vc_box_border_grey\"><img loading=\"lazy\" decoding=\"async\" width=\"150\" height=\"150\" src=\"https:\/\/www.srilankatransfer.de\/wp-content\/uploads\/2023\/02\/Safari-Sri-Lanka-online-gebucht-\u00a9-Nimal-Safari-053-150x150.jpg\" class=\"vc_single_image-img attachment-thumbnail\" alt=\"\" title=\"Safari Sri Lanka booked online \u00a9 Nimal Safari 053\" srcset=\"https:\/\/www.srilankatransfer.de\/wp-content\/uploads\/2023\/02\/Safari-Sri-Lanka-online-gebucht-\u00a9-Nimal-Safari-053-150x150.jpg 150w, https:\/\/www.srilankatransfer.de\/wp-content\/uploads\/2023\/02\/Safari-Sri-Lanka-online-gebucht-\u00a9-Nimal-Safari-053-300x300.jpg 300w, https:\/\/www.srilankatransfer.de\/wp-content\/uploads\/2023\/02\/Safari-Sri-Lanka-online-gebucht-\u00a9-Nimal-Safari-053-100x100.jpg 100w\" sizes=\"auto, (max-width: 150px) 100vw, 150px\" \/><\/a>\n\t\t<\/figure>\n\t<\/div>\n<\/div><\/div><\/div><div class=\"wpb_column vc_column_container vc_col-sm-1\/5\"><div class=\"vc_column-inner\"><div class=\"wpb_wrapper\">\n\t<div  class=\"wpb_single_image wpb_content_element vc_align_left wpb_content_element\">\n\t\t\n\t\t<figure class=\"wpb_wrapper vc_figure\">\n\t\t\t<a href=\"https:\/\/www.srilankatransfer.de\/wp-content\/uploads\/2023\/02\/Safari-Sri-Lanka-online-gebucht-\u00a9-Srilankasafari-Jens-Hoernig-039-1024x577.jpg\" target=\"_self\" class=\"vc_single_image-wrapper   vc_box_border_grey\"><img loading=\"lazy\" decoding=\"async\" width=\"150\" height=\"150\" src=\"https:\/\/www.srilankatransfer.de\/wp-content\/uploads\/2023\/02\/Safari-Sri-Lanka-online-gebucht-\u00a9-Srilankasafari-Jens-Hoernig-039-150x150.jpg\" class=\"vc_single_image-img attachment-thumbnail\" alt=\"\" title=\"Safari Sri Lanka booked online \u00a9 Srilankasafari Jens Hoernig 039\" srcset=\"https:\/\/www.srilankatransfer.de\/wp-content\/uploads\/2023\/02\/Safari-Sri-Lanka-online-gebucht-\u00a9-Srilankasafari-Jens-Hoernig-039-150x150.jpg 150w, https:\/\/www.srilankatransfer.de\/wp-content\/uploads\/2023\/02\/Safari-Sri-Lanka-online-gebucht-\u00a9-Srilankasafari-Jens-Hoernig-039-300x300.jpg 300w, https:\/\/www.srilankatransfer.de\/wp-content\/uploads\/2023\/02\/Safari-Sri-Lanka-online-gebucht-\u00a9-Srilankasafari-Jens-Hoernig-039-100x100.jpg 100w\" sizes=\"auto, (max-width: 150px) 100vw, 150px\" \/><\/a>\n\t\t<\/figure>\n\t<\/div>\n<\/div><\/div><\/div><div class=\"wpb_column vc_column_container vc_col-sm-1\/5\"><div class=\"vc_column-inner\"><div class=\"wpb_wrapper\">\n\t<div  class=\"wpb_single_image wpb_content_element vc_align_left wpb_content_element\">\n\t\t\n\t\t<figure class=\"wpb_wrapper vc_figure\">\n\t\t\t<a href=\"https:\/\/www.srilankatransfer.de\/wp-content\/uploads\/2023\/02\/Safari-Sri-Lanka-online-gebucht-\u00a9-Srilankasafari-Jens-Hoernig-040-1024x577.jpg\" target=\"_self\" class=\"vc_single_image-wrapper   vc_box_border_grey\"><img loading=\"lazy\" decoding=\"async\" width=\"150\" height=\"150\" src=\"https:\/\/www.srilankatransfer.de\/wp-content\/uploads\/2023\/02\/Safari-Sri-Lanka-online-gebucht-\u00a9-Srilankasafari-Jens-Hoernig-040-150x150.jpg\" class=\"vc_single_image-img attachment-thumbnail\" alt=\"\" title=\"Safari Sri Lanka booked online \u00a9 Srilankasafari Jens Hoernig 040\" srcset=\"https:\/\/www.srilankatransfer.de\/wp-content\/uploads\/2023\/02\/Safari-Sri-Lanka-online-gebucht-\u00a9-Srilankasafari-Jens-Hoernig-040-150x150.jpg 150w, https:\/\/www.srilankatransfer.de\/wp-content\/uploads\/2023\/02\/Safari-Sri-Lanka-online-gebucht-\u00a9-Srilankasafari-Jens-Hoernig-040-300x300.jpg 300w, https:\/\/www.srilankatransfer.de\/wp-content\/uploads\/2023\/02\/Safari-Sri-Lanka-online-gebucht-\u00a9-Srilankasafari-Jens-Hoernig-040-100x100.jpg 100w\" sizes=\"auto, (max-width: 150px) 100vw, 150px\" \/><\/a>\n\t\t<\/figure>\n\t<\/div>\n<\/div><\/div><\/div><\/div><div class=\"vc_row wpb_row vc_row-fluid\"><div class=\"wpb_column vc_column_container vc_col-sm-12\"><div class=\"vc_column-inner\"><div class=\"wpb_wrapper\">\n\t<div class=\"wpb_text_column wpb_content_element\" >\n\t\t<div class=\"wpb_wrapper\">\n\t\t\t<p>Sri Lanka is known for its many nature parks and reserves that offer an abundance of wildlife and natural landscapes. Here we would like to briefly introduce some of the most famous nature parks and reserves in Sri Lanka and what you can experience there:<br \/>\n<strong>Yala National Park:<\/strong> Yala is the most famous national park in Sri Lanka and home to elephants, leopards, crocodiles, wild boars and many other animals. The safari in the park also offers opportunities for bird watching and visiting historical sites.<br \/>\nFrom just \u20ac70.00 you can experience a four-hour private safari in a private jeep for up to six people with your own driver-guide. <a href=\"https:\/\/srilankasafari.de\/yala-nationalpark\/\" target=\"_blank\" rel=\"noopener\">Link<\/a><br \/>\n<strong>Udawalawe National Park:<\/strong> Udawalawe is another famous national park in Sri Lanka, known for its elephant population. Here you can also spot crocodiles, water buffalo and many bird species.<br \/>\nA four-hour safari in a private jeep for up to six people with your own driver-guide can be booked from \u20ac58.00. <a href=\"https:\/\/srilankasafari.de\/udawalawe-nationalpark\/\" target=\"_blank\" rel=\"noopener\">Link<\/a><br \/>\n<strong>Minneriya National Park:<\/strong> Minneriya National Park is known for the annual gathering of hundreds of elephants in the dry season. It is also a great place to spot other wildlife such as monkeys, deer and wild boar.<br \/>\nFrom just \u20ac58.00, you can experience a four-hour safari in a private jeep for up to six people with your own driver-guide. <a href=\"https:\/\/srilankasafari.de\/minneriya-nationalpark\/\" target=\"_blank\" rel=\"noopener\">Information here.<\/a><br \/>\n<strong>Wilpattu National Park:<\/strong> Wilpattu is the largest national park in Sri Lanka and home to leopards, elephants and many other animals. The park is also known for its beautiful lakes and historical sites.<br \/>\nFrom \u20ac70.00 you can experience a four-hour safari in a private jeep for up to six people with your own driver-guide. <a href=\"https:\/\/srilankasafari.de\/wilpattu-nationalpark\/\" target=\"_blank\" rel=\"noopener\">Information here.<\/a><\/p>\n\n\t\t<\/div>\n\t<\/div>\n<\/div><\/div><\/div><\/div>\n<\/div>","protected":false},"excerpt":{"rendered":"Viele unsere G\u00e4ste fragten uns ob wir Jeeps f\u00fcr eine Sri Lanka Safari bereitstellen k\u00f6nnen. Das k\u00f6nnen wir. Unser B\u00fcro in Sri Lanka organisierte diese dann immer auf Anfrage hin. Da dies aber recht umst\u00e4ndlich war, weil u.a. vorab die Abhol-Adresse feststehen musste, haben wir dieses Produkt jetzt online gestellt und sie k\u00f6nnen beruhgt planen [...]","protected":false},"author":1,"featured_media":0,"parent":0,"menu_order":0,"comment_status":"closed","ping_status":"closed","template":"","meta":{"iawp_total_views":11,"footnotes":""},"class_list":["post-13137","page","type-page","status-publish","hentry"],"yoast_head":"<!-- This site is optimized with the Yoast SEO plugin v27.5 - https:\/\/yoast.com\/product\/yoast-seo-wordpress\/ -->\n<title>Sri Lanka Safari von - SRILANKLATRANSFER<\/title>\n<meta name=\"description\" content=\"\u2776 \u2713 Exklusiv \u2713 Zuverl\u00e4ssig \u2713 Bargeldlos. \u2713 Neu: Erlebe eine Sri Lanka Safari im privaten Jeep mit eigenem Driver Guide.\" \/>\n<meta name=\"robots\" content=\"index, follow, max-snippet:-1, max-image-preview:large, max-video-preview:-1\" \/>\n<link rel=\"canonical\" href=\"https:\/\/www.srilankatransfer.de\/en\/sri-lanka-safari\/\" \/>\n<meta property=\"og:locale\" content=\"en_US\" \/>\n<meta property=\"og:type\" content=\"article\" \/>\n<meta property=\"og:title\" content=\"Sri Lanka Safari von - SRILANKLATRANSFER\" \/>\n<meta property=\"og:description\" content=\"\u2776 \u2713 Exklusiv \u2713 Zuverl\u00e4ssig \u2713 Bargeldlos. \u2713 Neu: Erlebe eine Sri Lanka Safari im privaten Jeep mit eigenem Driver Guide.\" \/>\n<meta property=\"og:url\" content=\"https:\/\/www.srilankatransfer.de\/en\/sri-lanka-safari\/\" \/>\n<meta property=\"og:site_name\" content=\"SRILANKLATRANSFER\" \/>\n<meta property=\"article:modified_time\" content=\"2023-07-19T09:55:53+00:00\" \/>\n<meta name=\"twitter:card\" content=\"summary_large_image\" \/>\n<meta name=\"twitter:label1\" content=\"Est. reading time\" \/>\n\t<meta name=\"twitter:data1\" content=\"3 minutes\" \/>\n<script type=\"application\/ld+json\" class=\"yoast-schema-graph\">{\"@context\":\"https:\\\/\\\/schema.org\",\"@graph\":[{\"@type\":\"WebPage\",\"@id\":\"https:\\\/\\\/www.srilankatransfer.de\\\/sri-lanka-safari\\\/\",\"url\":\"https:\\\/\\\/www.srilankatransfer.de\\\/sri-lanka-safari\\\/\",\"name\":\"Sri Lanka Safari von - SRILANKLATRANSFER\",\"isPartOf\":{\"@id\":\"https:\\\/\\\/www.srilankatransfer.de\\\/#website\"},\"datePublished\":\"2023-02-26T10:31:16+00:00\",\"dateModified\":\"2023-07-19T09:55:53+00:00\",\"description\":\"\u2776 \u2713 Exklusiv \u2713 Zuverl\u00e4ssig \u2713 Bargeldlos. \u2713 Neu: Erlebe eine Sri Lanka Safari im privaten Jeep mit eigenem Driver Guide.\",\"breadcrumb\":{\"@id\":\"https:\\\/\\\/www.srilankatransfer.de\\\/sri-lanka-safari\\\/#breadcrumb\"},\"inLanguage\":\"en-US\",\"potentialAction\":[{\"@type\":\"ReadAction\",\"target\":[\"https:\\\/\\\/www.srilankatransfer.de\\\/sri-lanka-safari\\\/\"]}]},{\"@type\":\"BreadcrumbList\",\"@id\":\"https:\\\/\\\/www.srilankatransfer.de\\\/sri-lanka-safari\\\/#breadcrumb\",\"itemListElement\":[{\"@type\":\"ListItem\",\"position\":1,\"name\":\"Startseite\",\"item\":\"https:\\\/\\\/www.srilankatransfer.de\\\/\"},{\"@type\":\"ListItem\",\"position\":2,\"name\":\"Sri Lanka Safari\"}]},{\"@type\":\"WebSite\",\"@id\":\"https:\\\/\\\/www.srilankatransfer.de\\\/#website\",\"url\":\"https:\\\/\\\/www.srilankatransfer.de\\\/\",\"name\":\"SRILANKLATRANSFER\",\"description\":\"Dein privater Transfer in Sri Lanka\",\"publisher\":{\"@id\":\"https:\\\/\\\/www.srilankatransfer.de\\\/#organization\"},\"alternateName\":\"Transfer Sri Lanka\",\"potentialAction\":[{\"@type\":\"SearchAction\",\"target\":{\"@type\":\"EntryPoint\",\"urlTemplate\":\"https:\\\/\\\/www.srilankatransfer.de\\\/?s={search_term_string}\"},\"query-input\":{\"@type\":\"PropertyValueSpecification\",\"valueRequired\":true,\"valueName\":\"search_term_string\"}}],\"inLanguage\":\"en-US\"},{\"@type\":\"Organization\",\"@id\":\"https:\\\/\\\/www.srilankatransfer.de\\\/#organization\",\"name\":\"Sri Lanka Transfer\",\"url\":\"https:\\\/\\\/www.srilankatransfer.de\\\/\",\"logo\":{\"@type\":\"ImageObject\",\"inLanguage\":\"en-US\",\"@id\":\"https:\\\/\\\/www.srilankatransfer.de\\\/#\\\/schema\\\/logo\\\/image\\\/\",\"url\":\"https:\\\/\\\/www.srilankatransfer.de\\\/wp-content\\\/uploads\\\/2017\\\/11\\\/srilankatransfer-logo.png\",\"contentUrl\":\"https:\\\/\\\/www.srilankatransfer.de\\\/wp-content\\\/uploads\\\/2017\\\/11\\\/srilankatransfer-logo.png\",\"width\":300,\"height\":70,\"caption\":\"Sri Lanka Transfer\"},\"image\":{\"@id\":\"https:\\\/\\\/www.srilankatransfer.de\\\/#\\\/schema\\\/logo\\\/image\\\/\"}}]}<\/script>\n<!-- \/ Yoast SEO plugin. -->","yoast_head_json":{"title":"Sri Lanka Safari by - SRILANKLATRANSFER","description":"\u2776 \u2713 Exclusive \u2713 Reliable \u2713 Cashless. \u2713 New: Experience a Sri Lanka safari in a private jeep with your own driver guide.","robots":{"index":"index","follow":"follow","max-snippet":"max-snippet:-1","max-image-preview":"max-image-preview:large","max-video-preview":"max-video-preview:-1"},"canonical":"https:\/\/www.srilankatransfer.de\/en\/sri-lanka-safari\/","og_locale":"en_US","og_type":"article","og_title":"Sri Lanka Safari von - SRILANKLATRANSFER","og_description":"\u2776 \u2713 Exklusiv \u2713 Zuverl\u00e4ssig \u2713 Bargeldlos. \u2713 Neu: Erlebe eine Sri Lanka Safari im privaten Jeep mit eigenem Driver Guide.","og_url":"https:\/\/www.srilankatransfer.de\/en\/sri-lanka-safari\/","og_site_name":"SRILANKLATRANSFER","article_modified_time":"2023-07-19T09:55:53+00:00","twitter_card":"summary_large_image","twitter_misc":{"Est. reading time":"3 minutes"},"schema":{"@context":"https:\/\/schema.org","@graph":[{"@type":"WebPage","@id":"https:\/\/www.srilankatransfer.de\/sri-lanka-safari\/","url":"https:\/\/www.srilankatransfer.de\/sri-lanka-safari\/","name":"Sri Lanka Safari by - SRILANKLATRANSFER","isPartOf":{"@id":"https:\/\/www.srilankatransfer.de\/#website"},"datePublished":"2023-02-26T10:31:16+00:00","dateModified":"2023-07-19T09:55:53+00:00","description":"\u2776 \u2713 Exclusive \u2713 Reliable \u2713 Cashless. \u2713 New: Experience a Sri Lanka safari in a private jeep with your own driver guide.","breadcrumb":{"@id":"https:\/\/www.srilankatransfer.de\/sri-lanka-safari\/#breadcrumb"},"inLanguage":"en-US","potentialAction":[{"@type":"ReadAction","target":["https:\/\/www.srilankatransfer.de\/sri-lanka-safari\/"]}]},{"@type":"BreadcrumbList","@id":"https:\/\/www.srilankatransfer.de\/sri-lanka-safari\/#breadcrumb","itemListElement":[{"@type":"ListItem","position":1,"name":"Startseite","item":"https:\/\/www.srilankatransfer.de\/"},{"@type":"ListItem","position":2,"name":"Sri Lanka Safari"}]},{"@type":"WebSite","@id":"https:\/\/www.srilankatransfer.de\/#website","url":"https:\/\/www.srilankatransfer.de\/","name":"SRILANKLATRANSFER","description":"Your private transfer in Sri Lanka","publisher":{"@id":"https:\/\/www.srilankatransfer.de\/#organization"},"alternateName":"Transfer Sri Lanka","potentialAction":[{"@type":"SearchAction","target":{"@type":"EntryPoint","urlTemplate":"https:\/\/www.srilankatransfer.de\/?s={search_term_string}"},"query-input":{"@type":"PropertyValueSpecification","valueRequired":true,"valueName":"search_term_string"}}],"inLanguage":"en-US"},{"@type":"Organization","@id":"https:\/\/www.srilankatransfer.de\/#organization","name":"Sri Lanka Transfer","url":"https:\/\/www.srilankatransfer.de\/","logo":{"@type":"ImageObject","inLanguage":"en-US","@id":"https:\/\/www.srilankatransfer.de\/#\/schema\/logo\/image\/","url":"https:\/\/www.srilankatransfer.de\/wp-content\/uploads\/2017\/11\/srilankatransfer-logo.png","contentUrl":"https:\/\/www.srilankatransfer.de\/wp-content\/uploads\/2017\/11\/srilankatransfer-logo.png","width":300,"height":70,"caption":"Sri Lanka Transfer"},"image":{"@id":"https:\/\/www.srilankatransfer.de\/#\/schema\/logo\/image\/"}}]}},"_links":{"self":[{"href":"https:\/\/www.srilankatransfer.de\/en\/wp-json\/wp\/v2\/pages\/13137","targetHints":{"allow":["GET"]}}],"collection":[{"href":"https:\/\/www.srilankatransfer.de\/en\/wp-json\/wp\/v2\/pages"}],"about":[{"href":"https:\/\/www.srilankatransfer.de\/en\/wp-json\/wp\/v2\/types\/page"}],"author":[{"embeddable":true,"href":"https:\/\/www.srilankatransfer.de\/en\/wp-json\/wp\/v2\/users\/1"}],"replies":[{"embeddable":true,"href":"https:\/\/www.srilankatransfer.de\/en\/wp-json\/wp\/v2\/comments?post=13137"}],"version-history":[{"count":10,"href":"https:\/\/www.srilankatransfer.de\/en\/wp-json\/wp\/v2\/pages\/13137\/revisions"}],"predecessor-version":[{"id":13143,"href":"https:\/\/www.srilankatransfer.de\/en\/wp-json\/wp\/v2\/pages\/13137\/revisions\/13143"}],"wp:attachment":[{"href":"https:\/\/www.srilankatransfer.de\/en\/wp-json\/wp\/v2\/media?parent=13137"}],"curies":[{"name":"wp","href":"https:\/\/api.w.org\/{rel}","templated":true}]}}