{"id":12989,"date":"2022-06-12T17:47:25","date_gmt":"2022-06-12T15:47:25","guid":{"rendered":"https:\/\/www.srilankatransfer.de\/?page_id=12989"},"modified":"2022-06-12T18:03:36","modified_gmt":"2022-06-12T16:03:36","slug":"our-excursions-with-guide","status":"publish","type":"page","link":"https:\/\/www.srilankatransfer.de\/en\/our-excursions-with-guide\/","title":{"rendered":"Sri Lanka excursions with guide"},"content":{"rendered":"<p><strong>Sri Lanka excursions with guide<\/strong><br \/>\nExperience Sri Lanka's culture and nature with our excursion stops including guide: from the cave temple to the royal city and the rock fortress. Of course, you'll also meet some special favorites - Sri Lanka's elephants!<br \/>\nThese programs can be booked online as a supplement to the transfers if the location is on the way. For day or half-day tours without transfers, please send us a short request with the dates. We can also organize your excursion. <a href=\"https:\/\/www.srilankatransfer.de\/en\/contact\/\">Contact form<\/a><\/p>\n<p>We can currently offer you the following qualified Sri Lanka excursions with guide online:<\/p>\n<p><strong>Excursion stop Sigiriya<\/strong><br \/>\nOnly bookable as a stop.<br \/>\nTwo-hour stop incl. state-certified and licensed guide. Your vehicle is waiting for you. A guide accompanies you on the ascent to \"Himmelsburg\".<br \/>\nLanguages Guide: German, English, French, Russian - Please note the language in the comment field. If no language is noted, we will assume German as the language.<br \/>\nOnly bookable as a stop. Admission not included. We recommend sturdy shoes.<br \/>\nPrice: from \u20ac 43.00 per vehicle<\/p>\n<p><strong>Excursion stop Anuradhapura<\/strong><br \/>\nOnly bookable as a stop.<br \/>\nThree-hour stop incl. state-certified and licensed guide. Marvel at the sights from times gone by, when Anuradhapura was still the flourishing capital. The highlight is the famous Bodhi tree, under which Buddha found enlightenment. Your vehicle is waiting for you. A guide will accompany you on this stop. Guide languages: German, English - Please note the language in the comments field. If no language is noted, we will assume German as the language.<br \/>\nOnly bookable as a stop. Possible entrance fees not included.<br \/>\nPrice: from \u20ac 53.00 per vehicle<\/p>\n<p><strong>Excursion stop Polonnaruwa<\/strong><br \/>\nOnly bookable as a stop.<br \/>\nThree-hour stop incl. state-certified and licensed guide. Stop at the early medieval royal city of Polonnaruwa. The city was the main seat of the king from the 11th to 13th century and the country experienced its cultural heyday during this time. During the city tour you will see the remains of palaces and temples.<br \/>\nYour vehicle is waiting for you. A guide will accompany you.<br \/>\nLanguages Guide: German, English - Please note the language in the comment field. If no language is noted, we will assume German as the language.<br \/>\nOnly bookable as a stop. Admission not included.<br \/>\nPrice: from \u20ac 53.00 per vehicle<\/p>\n<p><strong>Excursion stop at the Botanical Garden<\/strong><br \/>\nOnly bookable as a stop.<br \/>\n1.5-hour stop incl. state-certified and licensed guide. Immerse yourself in one of the most beautiful parks in the world, in a tropical landscape of incredible lushness. Opened in 1374 as the Garden of the Kings of Kandy, today you will find over 5,000 different species of trees and plants. A guide will accompany you on this stop. Guide languages: German, English - Please note the language in the comment field. If no language is noted, we will assume German as the language.<br \/>\nOnly bookable as a stop. Possible entrance fees not included.<br \/>\nPrice: from \u20ac 45.00 per vehicle<\/p>\n<p><strong>Excursion stop Toth Temple (Temple of the Tooth)<\/strong><br \/>\nOnly bookable as a stop.<br \/>\nOne hour stop incl. state-certified and licensed guide. Walk in the footsteps of Buddha and visit the Temple of the Tooth in Kandy.<br \/>\nYour vehicle is waiting for you. A guide will accompany you at this stop. Guide languages: German, English, Russian - Please note the language in the comments field. If no language is noted, we will assume German as the language.<br \/>\nOnly bookable as a stop. Possible entrance fees not included.<br \/>\nPrice: from \u20ac 30.00 per vehicle<\/p>\n<p><strong>Excursion stop Dambulla<\/strong><br \/>\nOnly bookable as a stop.<br \/>\nOne hour stop incl. state-certified and licensed guide. Dambulla is famous for its five cave temples on a rock, which are also listed as a UNESCO World Heritage Site. The temple walls feature ceiling paintings with Buddhist motifs and there are over 100 statues of Buddha, various gods and kings in the caves.<br \/>\nYour vehicle is waiting for you. A guide will accompany you at this stop. Guide languages: German, English - Please note the language in the comments field. If no language is noted, we will assume German as the language.<br \/>\nOnly bookable as a stop. Possible entrance fees not included.<br \/>\nPrice: from \u20ac 30.00 per vehicle<\/p>\n<p>Further Sri Lanka excursions with guide are possible. Ebernso combinations. Please ask us about the <a href=\"https:\/\/www.srilankatransfer.de\/en\/contact\/\">Contact form<\/a> to.<\/p>","protected":false},"excerpt":{"rendered":"<p>Sri Lanka Ausfl\u00fcge mit Guide Erlebe Kultur und Natur Sri Lankas mit unseren Ausflugsstopps inklusive Guide: vom H\u00f6hlentempel \u00fcber die K\u00f6nigsstadt bis zur Felsenfestung. Nat\u00fcrlich triffst du auch auf besondere Lieblinge &#8211; Sri Lankas Elefanten! Diese Programme k\u00f6nnen online als Erg\u00e4nzumg zu den Transfers gebucht werden, wenn der Ort auf dem Wege liegt. F\u00fcr Tages- [&#8230;]<\/p>\n","protected":false},"author":1,"featured_media":10490,"parent":0,"menu_order":0,"comment_status":"closed","ping_status":"closed","template":"","meta":{"iawp_total_views":4,"footnotes":""},"class_list":["post-12989","page","type-page","status-publish","has-post-thumbnail","hentry"],"yoast_head":"<!-- This site is optimized with the Yoast SEO plugin v27.5 - https:\/\/yoast.com\/product\/yoast-seo-wordpress\/ -->\n<title>Sri Lanka Ausfl\u00fcge mit Guide - SRILANKLATRANSFER - Ausfl\u00fcge mit Guide<\/title>\n<meta name=\"description\" content=\"Exklusiv, Zuverl\u00e4ssig, Bargeldlos. Erlebe Kultur und Natur Sri Lankas. Sri Lanka Ausfl\u00fcge mit Guide. Staatlich lizenzierte Fahrer &amp; Guides.\" \/>\n<meta name=\"robots\" content=\"index, follow, max-snippet:-1, max-image-preview:large, max-video-preview:-1\" \/>\n<link rel=\"canonical\" href=\"https:\/\/www.srilankatransfer.de\/en\/our-excursions-with-guide\/\" \/>\n<meta property=\"og:locale\" content=\"en_US\" \/>\n<meta property=\"og:type\" content=\"article\" \/>\n<meta property=\"og:title\" content=\"Sri Lanka Ausfl\u00fcge mit Guide - SRILANKLATRANSFER - Ausfl\u00fcge mit Guide\" \/>\n<meta property=\"og:description\" content=\"Exklusiv, Zuverl\u00e4ssig, Bargeldlos. Erlebe Kultur und Natur Sri Lankas. Sri Lanka Ausfl\u00fcge mit Guide. Staatlich lizenzierte Fahrer &amp; Guides.\" \/>\n<meta property=\"og:url\" content=\"https:\/\/www.srilankatransfer.de\/en\/our-excursions-with-guide\/\" \/>\n<meta property=\"og:site_name\" content=\"SRILANKLATRANSFER\" \/>\n<meta property=\"article:modified_time\" content=\"2022-06-12T16:03:36+00:00\" \/>\n<meta property=\"og:image\" content=\"https:\/\/www.srilankatransfer.de\/wp-content\/uploads\/2020\/06\/srilankatransfer-willkommen.jpg\" \/>\n\t<meta property=\"og:image:width\" content=\"1920\" \/>\n\t<meta property=\"og:image:height\" content=\"1181\" \/>\n\t<meta property=\"og:image:type\" content=\"image\/jpeg\" \/>\n<meta name=\"twitter:card\" content=\"summary_large_image\" \/>\n<meta name=\"twitter:label1\" content=\"Est. reading time\" \/>\n\t<meta name=\"twitter:data1\" content=\"3 minutes\" \/>\n<script type=\"application\/ld+json\" class=\"yoast-schema-graph\">{\"@context\":\"https:\\\/\\\/schema.org\",\"@graph\":[{\"@type\":\"WebPage\",\"@id\":\"https:\\\/\\\/www.srilankatransfer.de\\\/unsere-ausfluege-mit-guide\\\/\",\"url\":\"https:\\\/\\\/www.srilankatransfer.de\\\/unsere-ausfluege-mit-guide\\\/\",\"name\":\"Sri Lanka Ausfl\u00fcge mit Guide - SRILANKLATRANSFER - Ausfl\u00fcge mit Guide\",\"isPartOf\":{\"@id\":\"https:\\\/\\\/www.srilankatransfer.de\\\/#website\"},\"primaryImageOfPage\":{\"@id\":\"https:\\\/\\\/www.srilankatransfer.de\\\/unsere-ausfluege-mit-guide\\\/#primaryimage\"},\"image\":{\"@id\":\"https:\\\/\\\/www.srilankatransfer.de\\\/unsere-ausfluege-mit-guide\\\/#primaryimage\"},\"thumbnailUrl\":\"https:\\\/\\\/www.srilankatransfer.de\\\/wp-content\\\/uploads\\\/2020\\\/06\\\/srilankatransfer-willkommen.jpg\",\"datePublished\":\"2022-06-12T15:47:25+00:00\",\"dateModified\":\"2022-06-12T16:03:36+00:00\",\"description\":\"Exklusiv, Zuverl\u00e4ssig, Bargeldlos. Erlebe Kultur und Natur Sri Lankas. Sri Lanka Ausfl\u00fcge mit Guide. Staatlich lizenzierte Fahrer & Guides.\",\"breadcrumb\":{\"@id\":\"https:\\\/\\\/www.srilankatransfer.de\\\/unsere-ausfluege-mit-guide\\\/#breadcrumb\"},\"inLanguage\":\"en-US\",\"potentialAction\":[{\"@type\":\"ReadAction\",\"target\":[\"https:\\\/\\\/www.srilankatransfer.de\\\/unsere-ausfluege-mit-guide\\\/\"]}]},{\"@type\":\"ImageObject\",\"inLanguage\":\"en-US\",\"@id\":\"https:\\\/\\\/www.srilankatransfer.de\\\/unsere-ausfluege-mit-guide\\\/#primaryimage\",\"url\":\"https:\\\/\\\/www.srilankatransfer.de\\\/wp-content\\\/uploads\\\/2020\\\/06\\\/srilankatransfer-willkommen.jpg\",\"contentUrl\":\"https:\\\/\\\/www.srilankatransfer.de\\\/wp-content\\\/uploads\\\/2020\\\/06\\\/srilankatransfer-willkommen.jpg\",\"width\":1920,\"height\":1181},{\"@type\":\"BreadcrumbList\",\"@id\":\"https:\\\/\\\/www.srilankatransfer.de\\\/unsere-ausfluege-mit-guide\\\/#breadcrumb\",\"itemListElement\":[{\"@type\":\"ListItem\",\"position\":1,\"name\":\"Startseite\",\"item\":\"https:\\\/\\\/www.srilankatransfer.de\\\/\"},{\"@type\":\"ListItem\",\"position\":2,\"name\":\"Sri Lanka Ausfl\u00fcge mit Guide\"}]},{\"@type\":\"WebSite\",\"@id\":\"https:\\\/\\\/www.srilankatransfer.de\\\/#website\",\"url\":\"https:\\\/\\\/www.srilankatransfer.de\\\/\",\"name\":\"SRILANKLATRANSFER\",\"description\":\"Dein privater Transfer in Sri Lanka\",\"publisher\":{\"@id\":\"https:\\\/\\\/www.srilankatransfer.de\\\/#organization\"},\"alternateName\":\"Transfer Sri Lanka\",\"potentialAction\":[{\"@type\":\"SearchAction\",\"target\":{\"@type\":\"EntryPoint\",\"urlTemplate\":\"https:\\\/\\\/www.srilankatransfer.de\\\/?s={search_term_string}\"},\"query-input\":{\"@type\":\"PropertyValueSpecification\",\"valueRequired\":true,\"valueName\":\"search_term_string\"}}],\"inLanguage\":\"en-US\"},{\"@type\":\"Organization\",\"@id\":\"https:\\\/\\\/www.srilankatransfer.de\\\/#organization\",\"name\":\"Sri Lanka Transfer\",\"url\":\"https:\\\/\\\/www.srilankatransfer.de\\\/\",\"logo\":{\"@type\":\"ImageObject\",\"inLanguage\":\"en-US\",\"@id\":\"https:\\\/\\\/www.srilankatransfer.de\\\/#\\\/schema\\\/logo\\\/image\\\/\",\"url\":\"https:\\\/\\\/www.srilankatransfer.de\\\/wp-content\\\/uploads\\\/2017\\\/11\\\/srilankatransfer-logo.png\",\"contentUrl\":\"https:\\\/\\\/www.srilankatransfer.de\\\/wp-content\\\/uploads\\\/2017\\\/11\\\/srilankatransfer-logo.png\",\"width\":300,\"height\":70,\"caption\":\"Sri Lanka Transfer\"},\"image\":{\"@id\":\"https:\\\/\\\/www.srilankatransfer.de\\\/#\\\/schema\\\/logo\\\/image\\\/\"}}]}<\/script>\n<!-- \/ Yoast SEO plugin. -->","yoast_head_json":{"title":"Sri Lanka Excursions with Guide - SRILANKLATRANSFER - Excursions with Guide","description":"Exclusive, reliable, cashless. Experience Sri Lanka's culture and nature. Sri Lanka excursions with guide. State licensed drivers &amp; guides.","robots":{"index":"index","follow":"follow","max-snippet":"max-snippet:-1","max-image-preview":"max-image-preview:large","max-video-preview":"max-video-preview:-1"},"canonical":"https:\/\/www.srilankatransfer.de\/en\/our-excursions-with-guide\/","og_locale":"en_US","og_type":"article","og_title":"Sri Lanka Ausfl\u00fcge mit Guide - SRILANKLATRANSFER - Ausfl\u00fcge mit Guide","og_description":"Exklusiv, Zuverl\u00e4ssig, Bargeldlos. Erlebe Kultur und Natur Sri Lankas. Sri Lanka Ausfl\u00fcge mit Guide. Staatlich lizenzierte Fahrer & Guides.","og_url":"https:\/\/www.srilankatransfer.de\/en\/our-excursions-with-guide\/","og_site_name":"SRILANKLATRANSFER","article_modified_time":"2022-06-12T16:03:36+00:00","og_image":[{"width":1920,"height":1181,"url":"https:\/\/www.srilankatransfer.de\/wp-content\/uploads\/2020\/06\/srilankatransfer-willkommen.jpg","type":"image\/jpeg"}],"twitter_card":"summary_large_image","twitter_misc":{"Est. reading time":"3 minutes"},"schema":{"@context":"https:\/\/schema.org","@graph":[{"@type":"WebPage","@id":"https:\/\/www.srilankatransfer.de\/unsere-ausfluege-mit-guide\/","url":"https:\/\/www.srilankatransfer.de\/unsere-ausfluege-mit-guide\/","name":"Sri Lanka Excursions with Guide - SRILANKLATRANSFER - Excursions with Guide","isPartOf":{"@id":"https:\/\/www.srilankatransfer.de\/#website"},"primaryImageOfPage":{"@id":"https:\/\/www.srilankatransfer.de\/unsere-ausfluege-mit-guide\/#primaryimage"},"image":{"@id":"https:\/\/www.srilankatransfer.de\/unsere-ausfluege-mit-guide\/#primaryimage"},"thumbnailUrl":"https:\/\/www.srilankatransfer.de\/wp-content\/uploads\/2020\/06\/srilankatransfer-willkommen.jpg","datePublished":"2022-06-12T15:47:25+00:00","dateModified":"2022-06-12T16:03:36+00:00","description":"Exclusive, reliable, cashless. Experience Sri Lanka's culture and nature. Sri Lanka excursions with guide. State licensed drivers &amp; guides.","breadcrumb":{"@id":"https:\/\/www.srilankatransfer.de\/unsere-ausfluege-mit-guide\/#breadcrumb"},"inLanguage":"en-US","potentialAction":[{"@type":"ReadAction","target":["https:\/\/www.srilankatransfer.de\/unsere-ausfluege-mit-guide\/"]}]},{"@type":"ImageObject","inLanguage":"en-US","@id":"https:\/\/www.srilankatransfer.de\/unsere-ausfluege-mit-guide\/#primaryimage","url":"https:\/\/www.srilankatransfer.de\/wp-content\/uploads\/2020\/06\/srilankatransfer-willkommen.jpg","contentUrl":"https:\/\/www.srilankatransfer.de\/wp-content\/uploads\/2020\/06\/srilankatransfer-willkommen.jpg","width":1920,"height":1181},{"@type":"BreadcrumbList","@id":"https:\/\/www.srilankatransfer.de\/unsere-ausfluege-mit-guide\/#breadcrumb","itemListElement":[{"@type":"ListItem","position":1,"name":"Startseite","item":"https:\/\/www.srilankatransfer.de\/"},{"@type":"ListItem","position":2,"name":"Sri Lanka Ausfl\u00fcge mit Guide"}]},{"@type":"WebSite","@id":"https:\/\/www.srilankatransfer.de\/#website","url":"https:\/\/www.srilankatransfer.de\/","name":"SRILANKLATRANSFER","description":"Your private transfer in Sri Lanka","publisher":{"@id":"https:\/\/www.srilankatransfer.de\/#organization"},"alternateName":"Transfer Sri Lanka","potentialAction":[{"@type":"SearchAction","target":{"@type":"EntryPoint","urlTemplate":"https:\/\/www.srilankatransfer.de\/?s={search_term_string}"},"query-input":{"@type":"PropertyValueSpecification","valueRequired":true,"valueName":"search_term_string"}}],"inLanguage":"en-US"},{"@type":"Organization","@id":"https:\/\/www.srilankatransfer.de\/#organization","name":"Sri Lanka Transfer","url":"https:\/\/www.srilankatransfer.de\/","logo":{"@type":"ImageObject","inLanguage":"en-US","@id":"https:\/\/www.srilankatransfer.de\/#\/schema\/logo\/image\/","url":"https:\/\/www.srilankatransfer.de\/wp-content\/uploads\/2017\/11\/srilankatransfer-logo.png","contentUrl":"https:\/\/www.srilankatransfer.de\/wp-content\/uploads\/2017\/11\/srilankatransfer-logo.png","width":300,"height":70,"caption":"Sri Lanka Transfer"},"image":{"@id":"https:\/\/www.srilankatransfer.de\/#\/schema\/logo\/image\/"}}]}},"_links":{"self":[{"href":"https:\/\/www.srilankatransfer.de\/en\/wp-json\/wp\/v2\/pages\/12989","targetHints":{"allow":["GET"]}}],"collection":[{"href":"https:\/\/www.srilankatransfer.de\/en\/wp-json\/wp\/v2\/pages"}],"about":[{"href":"https:\/\/www.srilankatransfer.de\/en\/wp-json\/wp\/v2\/types\/page"}],"author":[{"embeddable":true,"href":"https:\/\/www.srilankatransfer.de\/en\/wp-json\/wp\/v2\/users\/1"}],"replies":[{"embeddable":true,"href":"https:\/\/www.srilankatransfer.de\/en\/wp-json\/wp\/v2\/comments?post=12989"}],"version-history":[{"count":8,"href":"https:\/\/www.srilankatransfer.de\/en\/wp-json\/wp\/v2\/pages\/12989\/revisions"}],"predecessor-version":[{"id":13001,"href":"https:\/\/www.srilankatransfer.de\/en\/wp-json\/wp\/v2\/pages\/12989\/revisions\/13001"}],"wp:featuredmedia":[{"embeddable":true,"href":"https:\/\/www.srilankatransfer.de\/en\/wp-json\/wp\/v2\/media\/10490"}],"wp:attachment":[{"href":"https:\/\/www.srilankatransfer.de\/en\/wp-json\/wp\/v2\/media?parent=12989"}],"curies":[{"name":"wp","href":"https:\/\/api.w.org\/{rel}","templated":true}]}}