{"id":12300,"date":"2020-07-21T14:04:10","date_gmt":"2020-07-21T12:04:10","guid":{"rendered":"https:\/\/www.srilankatransfer.de\/?page_id=12300"},"modified":"2021-11-22T16:38:52","modified_gmt":"2021-11-22T15:38:52","slug":"our-new-health-and-safety-standards","status":"publish","type":"page","link":"https:\/\/www.srilankatransfer.de\/en\/our-new-health-and-safety-standards\/","title":{"rendered":"Our new health and safety standards"},"content":{"rendered":"<div class=\"wpb-content-wrapper\"><div class=\"vc_row wpb_row vc_row-fluid\"><div class=\"wpb_column vc_column_container vc_col-sm-12\"><div class=\"vc_column-inner\"><div class=\"wpb_wrapper\">\n\t<div class=\"wpb_text_column wpb_content_element\" >\n\t\t<div class=\"wpb_wrapper\">\n\t\t\t<p>We have strengthened our security measures and adapted our services. Find out more here.<\/p>\n\n\t\t<\/div>\n\t<\/div>\n\n\t<div class=\"wpb_text_column wpb_content_element\" >\n\t\t<div class=\"wpb_wrapper\">\n\t\t\t<p><strong>Update 11\/20\/21:<\/strong> Here is an overview of our tourist drivers\/assistants who have obtained the Covid-19 Tourism Operational Guidelines Awareness and Knowledge under the supervision of the Sri Lanka Tourism Development Authority.<br \/>\n<strong>We currently only use drivers with such a certificate.<\/strong><br \/>\nWe have also minimized the maximum occupancy of the vehicles with guests.<br \/>\n<a href=\"https:\/\/www.srilankatransfer.de\/wp-content\/uploads\/2017\/11\/SLT-Fahrer-Covid-19-Zertifikat-1.pdf\">List 1<\/a><br \/>\n<a href=\"https:\/\/www.srilankatransfer.de\/wp-content\/uploads\/2017\/11\/SLT-Fahrer-Covid-19-Zertifikat-1.pdf\">List 2<\/a><\/p>\n\n\t\t<\/div>\n\t<\/div>\n<\/div><\/div><\/div><\/div><div class=\"vc_row wpb_row vc_row-fluid\"><div class=\"wpb_column vc_column_container vc_col-sm-4\"><div class=\"vc_column-inner\"><div class=\"wpb_wrapper\"><\/div><\/div><\/div><div class=\"wpb_column vc_column_container vc_col-sm-4\"><div class=\"vc_column-inner\"><div class=\"wpb_wrapper\"><\/div><\/div><\/div><div class=\"wpb_column vc_column_container vc_col-sm-4\"><div class=\"vc_column-inner\"><div class=\"wpb_wrapper\"><\/div><\/div><\/div><\/div><div class=\"vc_row wpb_row vc_row-fluid\"><div class=\"wpb_column vc_column_container vc_col-sm-12\"><div class=\"vc_column-inner\"><div class=\"wpb_wrapper\">\n\t<div class=\"wpb_text_column wpb_content_element\" >\n\t\t<div class=\"wpb_wrapper\">\n\t\t\t<p>Health and safety standards for our trips<\/p>\n\n\t\t<\/div>\n\t<\/div>\n\n\t<div class=\"wpb_text_column wpb_content_element\" >\n\t\t<div class=\"wpb_wrapper\">\n\t\t\t<p>Your safety is our team's top priority. Before your journey even begins, your driver will disinfect the vehicle. The driver will wear a mask throughout the journey. Instead of a handshake, he will greet you with a bow. He will help you with your luggage and disinfect the handles afterwards.<\/p>\n\n\t\t<\/div>\n\t<\/div>\n<\/div><\/div><\/div><\/div><div class=\"vc_row wpb_row vc_row-fluid\"><div class=\"wpb_column vc_column_container vc_col-sm-12\"><div class=\"vc_column-inner\"><div class=\"wpb_wrapper\">\r\n            <p class=\"theme-component-paragraph-large theme-component-paragraph-large-style-1 aligncenter\">\r\n                FAQ about COVID 19\r\n            <\/p>\r\n        <\/div><\/div><\/div><\/div><div class=\"vc_row wpb_row vc_row-fluid\"><div class=\"wpb_column vc_column_container vc_col-sm-12\"><div class=\"vc_column-inner\"><div class=\"wpb_wrapper\">\n\t<div class=\"wpb_text_column wpb_content_element wpb_animate_when_almost_visible wpb_zoomIn zoomIn\" >\n\t\t<div class=\"wpb_wrapper\">\n\t\t\t<p><strong>What happens if I test positive for COVID-19?<br \/>\n<\/strong>If you or one of your fellow travelers tests positive for COVID-19 within two weeks of your last trip, please inform us immediately. This will help us all to stop the spread.<\/p>\n\n\t\t<\/div>\n\t<\/div>\n\n\t<div class=\"wpb_text_column wpb_content_element wpb_animate_when_almost_visible wpb_zoomIn zoomIn\" >\n\t\t<div class=\"wpb_wrapper\">\n\t\t\t<p><strong>Do I have to wear a face mask while driving?<br \/>\n<\/strong>We kindly ask that our guests wear masks. This protects our drivers and future guests.<\/p>\n\n\t\t<\/div>\n\t<\/div>\n\n\t<div class=\"wpb_text_column wpb_content_element wpb_animate_when_almost_visible wpb_zoomIn zoomIn\" >\n\t\t<div class=\"wpb_wrapper\">\n\t\t\t<p><strong>What is SRILANKATRANSFER doing to protect drivers and guests?<br \/>\n<\/strong>Our drivers are instructed to clean the interior thoroughly after every ride. Our drivers are required to wear a mask while driving. They will greet you with a slight bow instead of a handshake. When helping with the luggage - if desired - the handles will be disinfected afterwards.<br \/>\nSRILANKATRANSFER has reduced the maximum number of guests to protect everyone. The passenger seat always remains empty. No more than two guests may sit in our cars. The minivans are limited to four guests. A maximum of six guests may sit in the minibuses. The capacity of the minibuses is limited to ten guests. The party bus can only be used with a maximum of 22 guests.<br \/>\nWe ask that guests who show any symptoms or have tested positive for COVID-19 do not book a trip on SRILANKATRANSFER until a doctor's clearance has been obtained.<\/p>\n\n\t\t<\/div>\n\t<\/div>\n\n\t<div class=\"wpb_text_column wpb_content_element wpb_animate_when_almost_visible wpb_zoomIn zoomIn\" >\n\t\t<div class=\"wpb_wrapper\">\n\t\t\t<p><strong>What happens if a driver or SRILANKATRANSFER employee is directly affected or tests positive for coronavirus (COVID-19)?<br \/>\n<\/strong>The safety of our guests and drivers is our top priority. We require that every driver and employee of SRILANKATRANSFER who tests positive informs us immediately. As soon as we have this information, we will inform all guests and colleagues who have been in contact with them in the last two weeks.<br \/>\nWe require our drivers and colleagues who suspect that they may be ill not to undertake any journeys and to consult a doctor immediately. The driver may only work for SRILANKATRANSFER again after a conclusive negative decision from the doctor.<\/p>\n\n\t\t<\/div>\n\t<\/div>\n\n\t<div class=\"wpb_text_column wpb_content_element wpb_animate_when_almost_visible wpb_zoomIn zoomIn\" >\n\t\t<div class=\"wpb_wrapper\">\n\t\t\t<p><strong>What happens if I am delayed at the airport due to long waiting times?<br \/>\n<\/strong>The services of SRILANKATRANSFER naturally include a free waiting time for all airport pick-ups. The dispatcher and driver are aware of the flight details you have provided.<br \/>\nHowever, if long waiting times are foreseeable, please let us know.<\/p>\n\n\t\t<\/div>\n\t<\/div>\n\n\t<div class=\"wpb_text_column wpb_content_element wpb_animate_when_almost_visible wpb_zoomIn zoomIn\" >\n\t\t<div class=\"wpb_wrapper\">\n\t\t\t<p><strong>Can and may the SRILANKATRANSFER drivers help me with my luggage and other personal belongings?<br \/>\n<\/strong>Yes, our drivers will pay the same attention as before the pandemic. However, if you prefer to load your luggage yourself, the driver will open and close the trunk. This way, only you touch your luggage. If the driver moves your luggage, he will disinfect the handles afterwards.<\/p>\n\n\t\t<\/div>\n\t<\/div>\n\n\t<div class=\"wpb_text_column wpb_content_element wpb_animate_when_almost_visible wpb_zoomIn zoomIn\" >\n\t\t<div class=\"wpb_wrapper\">\n\t\t\t<p><strong>Are hourly bookings still possible for the excursions?<br \/>\n<\/strong>Of course. All our guests can book hourly trips from all addresses in Sri Lanka.<br \/>\nOne-way bookings with one or more stopovers (waypoints) are also possible. You can enter these waypoints during the booking process and they will be added to your order. During the booking process there is a field \"Additional information\". Please enter your waypoints there.<\/p>\n\n\t\t<\/div>\n\t<\/div>\n\n\t<div class=\"wpb_text_column wpb_content_element wpb_animate_when_almost_visible wpb_zoomIn zoomIn\" >\n\t\t<div class=\"wpb_wrapper\">\n\t\t\t<p><strong>I have questions before booking. Who can I contact?<br \/>\n<\/strong>Please use the contact form. We will reply as soon as possible.<\/p>\n\n\t\t<\/div>\n\t<\/div>\n<\/div><\/div><\/div><\/div><div class=\"vc_row wpb_row vc_row-fluid\"><div class=\"wpb_column vc_column_container vc_col-sm-12\"><div class=\"vc_column-inner\"><div class=\"wpb_wrapper\"><div class=\"vc-hoverbox-wrapper  vc-hoverbox-shape--square vc-hoverbox-align--center vc-hoverbox-direction--default vc-hoverbox-width--100\"  ontouchstart=\"\">\n  <div class=\"vc-hoverbox\">\n    <div class=\"vc-hoverbox-inner\">\n      <div class=\"vc-hoverbox-block vc-hoverbox-front\" style=\"background-image: url(https:\/\/www.srilankatransfer.de\/wp-content\/uploads\/2019\/04\/srilankatransfer-transfers-header-1024x387.jpg);\">\n        <div class=\"vc-hoverbox-block-inner vc-hoverbox-front-inner\">\n            <h2 style=\"text-align:center\">Summary of our precautions<\/h2>\n        <\/div>\n      <\/div>\n      <div class=\"vc-hoverbox-block vc-hoverbox-back\" style=\"background-color: #ffffff;\">\n        <div class=\"vc-hoverbox-block-inner vc-hoverbox-back-inner\">\n            <h2 style=\"text-align:center\">Summary of our precautions<\/h2>\n            <ul>\n<li>The driver greets you with a slight bow and refrains from shaking hands.<\/li>\n<li>If you wish, he will help you with your luggage and then disinfect the handles of your luggage.<\/li>\n<li>The driver wears a face mask and gloves while driving. You should also wear a face mask.<\/li>\n<li>After driving, the driver disinfects the areas with high contact points and the interior of the vehicle.<\/li>\n<li>For your safety, you will be asked to sit in the rear seats only.<\/li>\n<li>Seating capacity has been reduced on all vehicles.<\/li>\n<li>As with all our trips and transfers, your safety and a punctual journey is our credo.<\/li>\n<li>All types of trips are possible.<\/li>\n<\/ul>\n<p>&nbsp;<\/p>\n<p>&nbsp;<\/p>\n\n            \n        <\/div>\n      <\/div>\n    <\/div>\n  <\/div>\n<\/div><\/div><\/div><\/div><\/div><div class=\"vc_row wpb_row vc_row-fluid\"><div class=\"wpb_column vc_column_container vc_col-sm-12\"><div class=\"vc_column-inner\"><div class=\"wpb_wrapper\">\r\n            <div class=\"theme-component-header-subheader aligncenter\">\r\n                <div class=\"theme-component-header-subheader-subheader\">We drive you. No matter where.<\/div>\r\n                <h2 class=\"theme-component-header-subheader-header\">SRILANKA TRANSFER<\/h2>\r\n            <\/div>\r\n        <\/div><\/div><\/div><\/div><section class=\"vc_section\"><\/section><div class=\"vc_row wpb_row vc_row-fluid\"><div class=\"wpb_column vc_column_container vc_col-sm-12\"><div class=\"vc_column-inner\"><div class=\"wpb_wrapper\"><\/div><\/div><\/div><\/div>\n<\/div>","protected":false},"excerpt":{"rendered":"Wir haben unsere Sicherheitsma\u00dfnahmen verst\u00e4rkt und die Dienstleistungen angepasst. Hier erf\u00e4hrst du mehr. Update 20.11.21: Hier eine \u00dcbersicht unserer touristischen Fahrer\/Assistenten, die unter der Aufsicht der Sri Lanka Tourism Development Authority die Covid-19 Tourism Operational Guidelines Awareness and Knowledge erlangt haben. Wir nutzen derzeit nur Fahrer mit einem solchen Zertifikat. Des Weiteren haben wir die [...]","protected":false},"author":1,"featured_media":0,"parent":0,"menu_order":0,"comment_status":"closed","ping_status":"closed","template":"","meta":{"iawp_total_views":0,"footnotes":""},"class_list":["post-12300","page","type-page","status-publish","hentry"],"yoast_head":"<!-- This site is optimized with the Yoast SEO plugin v27.5 - https:\/\/yoast.com\/product\/yoast-seo-wordpress\/ -->\n<title>Unsere neuen Gesundheits- und Sicherheitsstandards - SRILANKLATRANSFER<\/title>\n<meta name=\"description\" content=\"\u2776 \u2713 Exklusiv \u2713 Zuverl\u00e4ssig \u2713 Bargeldlos. Genau mit Google-Maps berechnet. Erlebe Sri Lanka mit dem Taxi &amp; Shuttle Fahrdienst, Airport-Transfer auf Sri Lanka.\" \/>\n<meta name=\"robots\" content=\"index, follow, max-snippet:-1, max-image-preview:large, max-video-preview:-1\" \/>\n<link rel=\"canonical\" href=\"https:\/\/www.srilankatransfer.de\/en\/our-new-health-and-safety-standards\/\" \/>\n<meta property=\"og:locale\" content=\"en_US\" \/>\n<meta property=\"og:type\" content=\"article\" \/>\n<meta property=\"og:title\" content=\"Unsere neuen Gesundheits- und Sicherheitsstandards - SRILANKLATRANSFER\" \/>\n<meta property=\"og:description\" content=\"\u2776 \u2713 Exklusiv \u2713 Zuverl\u00e4ssig \u2713 Bargeldlos. Genau mit Google-Maps berechnet. Erlebe Sri Lanka mit dem Taxi &amp; Shuttle Fahrdienst, Airport-Transfer auf Sri Lanka.\" \/>\n<meta property=\"og:url\" content=\"https:\/\/www.srilankatransfer.de\/en\/our-new-health-and-safety-standards\/\" \/>\n<meta property=\"og:site_name\" content=\"SRILANKLATRANSFER\" \/>\n<meta property=\"article:modified_time\" content=\"2021-11-22T15:38:52+00:00\" \/>\n<meta name=\"twitter:card\" content=\"summary_large_image\" \/>\n<meta name=\"twitter:label1\" content=\"Est. reading time\" \/>\n\t<meta name=\"twitter:data1\" content=\"4 minutes\" \/>\n<script type=\"application\/ld+json\" class=\"yoast-schema-graph\">{\"@context\":\"https:\\\/\\\/schema.org\",\"@graph\":[{\"@type\":\"WebPage\",\"@id\":\"https:\\\/\\\/www.srilankatransfer.de\\\/unsere-neuen-gesundheits-und-sicherheitsstandards\\\/\",\"url\":\"https:\\\/\\\/www.srilankatransfer.de\\\/unsere-neuen-gesundheits-und-sicherheitsstandards\\\/\",\"name\":\"Unsere neuen Gesundheits- und Sicherheitsstandards - SRILANKLATRANSFER\",\"isPartOf\":{\"@id\":\"https:\\\/\\\/www.srilankatransfer.de\\\/#website\"},\"datePublished\":\"2020-07-21T12:04:10+00:00\",\"dateModified\":\"2021-11-22T15:38:52+00:00\",\"description\":\"\u2776 \u2713 Exklusiv \u2713 Zuverl\u00e4ssig \u2713 Bargeldlos. Genau mit Google-Maps berechnet. Erlebe Sri Lanka mit dem Taxi & Shuttle Fahrdienst, Airport-Transfer auf Sri Lanka.\",\"breadcrumb\":{\"@id\":\"https:\\\/\\\/www.srilankatransfer.de\\\/unsere-neuen-gesundheits-und-sicherheitsstandards\\\/#breadcrumb\"},\"inLanguage\":\"en-US\",\"potentialAction\":[{\"@type\":\"ReadAction\",\"target\":[\"https:\\\/\\\/www.srilankatransfer.de\\\/unsere-neuen-gesundheits-und-sicherheitsstandards\\\/\"]}]},{\"@type\":\"BreadcrumbList\",\"@id\":\"https:\\\/\\\/www.srilankatransfer.de\\\/unsere-neuen-gesundheits-und-sicherheitsstandards\\\/#breadcrumb\",\"itemListElement\":[{\"@type\":\"ListItem\",\"position\":1,\"name\":\"Startseite\",\"item\":\"https:\\\/\\\/www.srilankatransfer.de\\\/\"},{\"@type\":\"ListItem\",\"position\":2,\"name\":\"Unsere neuen Gesundheits- und Sicherheitsstandards\"}]},{\"@type\":\"WebSite\",\"@id\":\"https:\\\/\\\/www.srilankatransfer.de\\\/#website\",\"url\":\"https:\\\/\\\/www.srilankatransfer.de\\\/\",\"name\":\"SRILANKLATRANSFER\",\"description\":\"Dein privater Transfer in Sri Lanka\",\"publisher\":{\"@id\":\"https:\\\/\\\/www.srilankatransfer.de\\\/#organization\"},\"alternateName\":\"Transfer Sri Lanka\",\"potentialAction\":[{\"@type\":\"SearchAction\",\"target\":{\"@type\":\"EntryPoint\",\"urlTemplate\":\"https:\\\/\\\/www.srilankatransfer.de\\\/?s={search_term_string}\"},\"query-input\":{\"@type\":\"PropertyValueSpecification\",\"valueRequired\":true,\"valueName\":\"search_term_string\"}}],\"inLanguage\":\"en-US\"},{\"@type\":\"Organization\",\"@id\":\"https:\\\/\\\/www.srilankatransfer.de\\\/#organization\",\"name\":\"Sri Lanka Transfer\",\"url\":\"https:\\\/\\\/www.srilankatransfer.de\\\/\",\"logo\":{\"@type\":\"ImageObject\",\"inLanguage\":\"en-US\",\"@id\":\"https:\\\/\\\/www.srilankatransfer.de\\\/#\\\/schema\\\/logo\\\/image\\\/\",\"url\":\"https:\\\/\\\/www.srilankatransfer.de\\\/wp-content\\\/uploads\\\/2017\\\/11\\\/srilankatransfer-logo.png\",\"contentUrl\":\"https:\\\/\\\/www.srilankatransfer.de\\\/wp-content\\\/uploads\\\/2017\\\/11\\\/srilankatransfer-logo.png\",\"width\":300,\"height\":70,\"caption\":\"Sri Lanka Transfer\"},\"image\":{\"@id\":\"https:\\\/\\\/www.srilankatransfer.de\\\/#\\\/schema\\\/logo\\\/image\\\/\"}}]}<\/script>\n<!-- \/ Yoast SEO plugin. -->","yoast_head_json":{"title":"Our new health and safety standards - SRILANKLATRANSFER","description":"\u2776 \u2713 Exclusive \u2713 Reliable \u2713 Cashless. Precisely calculated with Google Maps. Experience Sri Lanka with the cab &amp; shuttle service, airport transfer in Sri Lanka.","robots":{"index":"index","follow":"follow","max-snippet":"max-snippet:-1","max-image-preview":"max-image-preview:large","max-video-preview":"max-video-preview:-1"},"canonical":"https:\/\/www.srilankatransfer.de\/en\/our-new-health-and-safety-standards\/","og_locale":"en_US","og_type":"article","og_title":"Unsere neuen Gesundheits- und Sicherheitsstandards - SRILANKLATRANSFER","og_description":"\u2776 \u2713 Exklusiv \u2713 Zuverl\u00e4ssig \u2713 Bargeldlos. Genau mit Google-Maps berechnet. Erlebe Sri Lanka mit dem Taxi & Shuttle Fahrdienst, Airport-Transfer auf Sri Lanka.","og_url":"https:\/\/www.srilankatransfer.de\/en\/our-new-health-and-safety-standards\/","og_site_name":"SRILANKLATRANSFER","article_modified_time":"2021-11-22T15:38:52+00:00","twitter_card":"summary_large_image","twitter_misc":{"Est. reading time":"4 minutes"},"schema":{"@context":"https:\/\/schema.org","@graph":[{"@type":"WebPage","@id":"https:\/\/www.srilankatransfer.de\/unsere-neuen-gesundheits-und-sicherheitsstandards\/","url":"https:\/\/www.srilankatransfer.de\/unsere-neuen-gesundheits-und-sicherheitsstandards\/","name":"Our new health and safety standards - SRILANKLATRANSFER","isPartOf":{"@id":"https:\/\/www.srilankatransfer.de\/#website"},"datePublished":"2020-07-21T12:04:10+00:00","dateModified":"2021-11-22T15:38:52+00:00","description":"\u2776 \u2713 Exclusive \u2713 Reliable \u2713 Cashless. Precisely calculated with Google Maps. Experience Sri Lanka with the cab &amp; shuttle service, airport transfer in Sri Lanka.","breadcrumb":{"@id":"https:\/\/www.srilankatransfer.de\/unsere-neuen-gesundheits-und-sicherheitsstandards\/#breadcrumb"},"inLanguage":"en-US","potentialAction":[{"@type":"ReadAction","target":["https:\/\/www.srilankatransfer.de\/unsere-neuen-gesundheits-und-sicherheitsstandards\/"]}]},{"@type":"BreadcrumbList","@id":"https:\/\/www.srilankatransfer.de\/unsere-neuen-gesundheits-und-sicherheitsstandards\/#breadcrumb","itemListElement":[{"@type":"ListItem","position":1,"name":"Startseite","item":"https:\/\/www.srilankatransfer.de\/"},{"@type":"ListItem","position":2,"name":"Unsere neuen Gesundheits- und Sicherheitsstandards"}]},{"@type":"WebSite","@id":"https:\/\/www.srilankatransfer.de\/#website","url":"https:\/\/www.srilankatransfer.de\/","name":"SRILANKLATRANSFER","description":"Your private transfer in Sri Lanka","publisher":{"@id":"https:\/\/www.srilankatransfer.de\/#organization"},"alternateName":"Transfer Sri Lanka","potentialAction":[{"@type":"SearchAction","target":{"@type":"EntryPoint","urlTemplate":"https:\/\/www.srilankatransfer.de\/?s={search_term_string}"},"query-input":{"@type":"PropertyValueSpecification","valueRequired":true,"valueName":"search_term_string"}}],"inLanguage":"en-US"},{"@type":"Organization","@id":"https:\/\/www.srilankatransfer.de\/#organization","name":"Sri Lanka Transfer","url":"https:\/\/www.srilankatransfer.de\/","logo":{"@type":"ImageObject","inLanguage":"en-US","@id":"https:\/\/www.srilankatransfer.de\/#\/schema\/logo\/image\/","url":"https:\/\/www.srilankatransfer.de\/wp-content\/uploads\/2017\/11\/srilankatransfer-logo.png","contentUrl":"https:\/\/www.srilankatransfer.de\/wp-content\/uploads\/2017\/11\/srilankatransfer-logo.png","width":300,"height":70,"caption":"Sri Lanka Transfer"},"image":{"@id":"https:\/\/www.srilankatransfer.de\/#\/schema\/logo\/image\/"}}]}},"_links":{"self":[{"href":"https:\/\/www.srilankatransfer.de\/en\/wp-json\/wp\/v2\/pages\/12300","targetHints":{"allow":["GET"]}}],"collection":[{"href":"https:\/\/www.srilankatransfer.de\/en\/wp-json\/wp\/v2\/pages"}],"about":[{"href":"https:\/\/www.srilankatransfer.de\/en\/wp-json\/wp\/v2\/types\/page"}],"author":[{"embeddable":true,"href":"https:\/\/www.srilankatransfer.de\/en\/wp-json\/wp\/v2\/users\/1"}],"replies":[{"embeddable":true,"href":"https:\/\/www.srilankatransfer.de\/en\/wp-json\/wp\/v2\/comments?post=12300"}],"version-history":[{"count":2,"href":"https:\/\/www.srilankatransfer.de\/en\/wp-json\/wp\/v2\/pages\/12300\/revisions"}],"predecessor-version":[{"id":12810,"href":"https:\/\/www.srilankatransfer.de\/en\/wp-json\/wp\/v2\/pages\/12300\/revisions\/12810"}],"wp:attachment":[{"href":"https:\/\/www.srilankatransfer.de\/en\/wp-json\/wp\/v2\/media?parent=12300"}],"curies":[{"name":"wp","href":"https:\/\/api.w.org\/{rel}","templated":true}]}}