{"id":10406,"date":"2020-05-09T15:59:05","date_gmt":"2020-05-09T13:59:05","guid":{"rendered":"https:\/\/srilankaholidays.de\/?page_id=10406"},"modified":"2020-05-09T16:01:45","modified_gmt":"2020-05-09T14:01:45","slug":"faq","status":"publish","type":"page","link":"https:\/\/www.srilankatransfer.de\/en\/faq\/","title":{"rendered":"FAQ"},"content":{"rendered":"<div class=\"wpb-content-wrapper\"><div class=\"vc_row wpb_row vc_row-fluid\"><div class=\"wpb_column vc_column_container vc_col-sm-12\"><div class=\"vc_column-inner\"><div class=\"wpb_wrapper\">\n\t<div class=\"wpb_text_column wpb_content_element\" >\n\t\t<div class=\"wpb_wrapper\">\n\t\t\t<p>Simple transfer<\/p>\n<p><strong>Can I also book a one-way transfer?<\/strong><br \/>\nYes, you can also book a return transfer only.<\/p>\n<p>Combinations of transfers individual round trips<\/p>\n<p><strong>Can I combine different transfer destinations and put together a multi-day round trip with my own hotels?<\/strong><br \/>\nYes, this is possible. Please select your start and destination in the booking mask. If you have more than two \"destination to destination transfers\", please book again.<br \/>\nAlternatively, you can also go to <em>Combination transfers \/ overland transfers<\/em> in a form and send it to us. You will then receive a vacant offer by e-mail.<br \/>\nPlease note: The driver is not a guide. However, he will do everything to ensure that you enjoy a pleasant ride. Stops for sightseeing etc. are possible.<\/p>\n<p>Advance booking deadline<\/p>\n<p><strong>What advance booking deadline do I have to observe?<\/strong><br \/>\nIt is usually possible to book an airport transfer with Srilanka Transfer up to six hours before arrival at or departure from the destination. Combination transfers are also possible up to six hours before the desired pick-up time.<\/p>\n<p>Contact person in Sri Lanka<\/p>\n<p><strong>Who organizes the transfer in Sri Lanka?<\/strong><br \/>\nThe transfer is organized and coordinated by our German-speaking dispatcher. The exact contact details are listed in the travel documents. An emergency telephone number is also listed.<\/p>\n<p>Transfer target<\/p>\n<p><strong>Where will I be dropped off?<\/strong><br \/>\nWherever you want it. Srilankatransfer offers a door-to-door service. Provided that the booked accommodation can be reached by private transfer or shuttle bus. If this is not possible due to local conditions such as pedestrian zones, roadblocks, impassable roads, etc., you will be taken to the nearest possible impassable point of your booked accommodation. As a rule, you will also be picked up at this point.<\/p>\n<p>Pick-up time<\/p>\n<p><strong>How do I find out my pick-up time for the return transfer?<\/strong><br \/>\nIf you have not already been informed, our German-speaking dispatcher will inform you of the time approximately 24 hours before departure. In case of emergency there is a German-speaking hotline of Srilankatransfer in Sri Lanka. Details are noted in the travel documents.<\/p>\n<p>Reduction for children<\/p>\n<p><strong>Is there a discount for children?<\/strong><br \/>\nNo. With Srilankatransfer you always book and pay per vehicle.<\/p>\n<p>Travel documents<\/p>\n<p><strong>How and when will I receive my travel documents?<\/strong><br \/>\nImmediately after booking you will receive the confirmation\/invoice by e-mail. After receipt of payment we will send you the voucher. Please print out the transfer voucher and take it with you on your trip. You will need it to make use of the transfer. All necessary data is noted. Please check it for completeness.<br \/>\nThe driver needs the voucher for billing purposes.<\/p>\n<p>Luggage<\/p>\n<p><strong>How much luggage can I take with me?<\/strong><br \/>\nThe price includes 1 suitcase and 1 piece of hand luggage of the usual size per guest (this also applies to children under 12 years of age). Please register bulky items of luggage (e.g. surfboards) in the information field.<\/p>\n<p>Children and luggage<\/p>\n<p><strong>Are children entitled to take luggage with them?<\/strong><br \/>\nOf course! One suitcase and one piece of hand luggage are included in the travel price for each child booked. Of course, each child booked is also entitled to a seat. Furthermore, one buggy can be taken along free of charge per booking. A child seat can be ordered as an option.<\/p>\n<p>Bulky luggage<\/p>\n<p><strong>Can I take special baggage with me?<\/strong><br \/>\nYes, it is possible to register different types of special baggage. Please book the desired special baggage directly with your transfer. The additional costs for this are already included in the transportation price. It may be necessary to use a larger vehicle (VAN).<\/p>\n<p>Additional luggage<\/p>\n<p><strong>Can I take a second suitcase with me?<\/strong><br \/>\nYes, in the \"Information\" section you have the option of registering additional suitcases with your booking. Please book the additional suitcases directly with your transfer. The additional costs for this are already included in the transportation price. It may be necessary to use a second or larger vehicle if you have a lot of luggage.<\/p>\n<p>Rebooking<\/p>\n<p><strong>Can I rebook the transfer?<\/strong><br \/>\nOf course. If we are informed early enough, there will be no costs.<br \/>\nUnfortunately, it is not possible to rebook the hotel or location. To do this, you must cancel the existing booking and make a new one. (See AGB \/ point Cancellation)<\/p>\n<p>Cancellation<\/p>\n<p><strong>Can I cancel the transfer?<\/strong><br \/>\nAt any time and of course. Please note, however, that no refunds can be made for last-minute cancelations.<br \/>\nIn case your travel plans change: We also had expenses. Please take note of our cancellation costs.<\/p>\n<p>As a rule, the withdrawal costs that we have to charge are as follows:<br \/>\n- up to 72 hours before the start of the transportation service EUR 21,- \/ per booking<br \/>\n- thereafter and in the event of non-commencement of the transportation service 100%<\/p>\n<p>Flight time changes<\/p>\n<p><strong>What happens if my flight times change?<\/strong><br \/>\nFlight times can be changed up to 48 hours before departure. Please contact our German-speaking dispatcher. The telephone number is noted in the documents.<\/p>\n<p>Documents for flight time changes<\/p>\n<p><strong>Will I then receive new travel documents?<\/strong><br \/>\nYes, you will then receive a change confirmation\/invoice from us by e-mail within 24 hours. However, the transfer voucher that has already been sent will remain valid.<\/p>\n<p>Payment methods<\/p>\n<p><strong>How do I pay for my transfer?<\/strong><br \/>\nYou can pay by credit card, PayPal or bank transfer.<\/p>\n<p>Tip<\/p>\n<p><strong>How much should I tip?<\/strong><br \/>\nA small tip is already included in the price. However, if you are satisfied, you are welcome to give the driver a small tip. He will be delighted.<\/p>\n<p>Am I insured?<\/p>\n<p>We want you to travel safely with us in Sri Lanka. Although insurance is not required, we have taken out insurance for you and all trips. This means that all trips booked and confirmed by SRILANKLATRANSFER are covered.<br \/>\nInsurer: HDI \/ Policy: 70-009900128-6<\/p>\n\n\t\t<\/div>\n\t<\/div>\n<\/div><\/div><\/div><\/div>\n<\/div>","protected":false},"excerpt":{"rendered":"Einfacher Transfer Kann ich auch nur einen einfachen Transfer buchen? Ja, Du kannst auch nur einen Hin- oder R\u00fccktransfer buchen. Kombinationen von Transfers individuelle Rundreisen Kann ich verschiedene Transferziele kombinieren und mir daraus eine mehrt\u00e4gige Rundreise mit eigenen Hotels zusammenstellen? Ja, dies ist m\u00f6glich. Bitte w\u00e4hle dein Start und dein Ziel in der Buchungsmaske. Bei [...]","protected":false},"author":1,"featured_media":0,"parent":0,"menu_order":0,"comment_status":"closed","ping_status":"closed","template":"","meta":{"iawp_total_views":3,"footnotes":""},"class_list":["post-10406","page","type-page","status-publish","hentry"],"yoast_head":"<!-- This site is optimized with the Yoast SEO plugin v27.5 - https:\/\/yoast.com\/product\/yoast-seo-wordpress\/ -->\n<title>FAQ - SRILANKLATRANSFER<\/title>\n<meta name=\"description\" content=\"\u2776 \u2713 Exklusiv \u2713 Zuverl\u00e4ssig \u2713 Bargeldlos. Genau mit Google-Maps berechnet. Erlebe Sri Lanka mit dem Taxi &amp; Shuttle Fahrdienst, Airport-Transfer auf Sri Lanka.\" \/>\n<meta name=\"robots\" content=\"index, follow, max-snippet:-1, max-image-preview:large, max-video-preview:-1\" \/>\n<link rel=\"canonical\" href=\"https:\/\/www.srilankatransfer.de\/en\/faq\/\" \/>\n<meta property=\"og:locale\" content=\"en_US\" \/>\n<meta property=\"og:type\" content=\"article\" \/>\n<meta property=\"og:title\" content=\"FAQ - SRILANKLATRANSFER\" \/>\n<meta property=\"og:description\" content=\"\u2776 \u2713 Exklusiv \u2713 Zuverl\u00e4ssig \u2713 Bargeldlos. Genau mit Google-Maps berechnet. Erlebe Sri Lanka mit dem Taxi &amp; Shuttle Fahrdienst, Airport-Transfer auf Sri Lanka.\" \/>\n<meta property=\"og:url\" content=\"https:\/\/www.srilankatransfer.de\/en\/faq\/\" \/>\n<meta property=\"og:site_name\" content=\"SRILANKLATRANSFER\" \/>\n<meta property=\"article:modified_time\" content=\"2020-05-09T14:01:45+00:00\" \/>\n<meta name=\"twitter:card\" content=\"summary_large_image\" \/>\n<meta name=\"twitter:label1\" content=\"Est. reading time\" \/>\n\t<meta name=\"twitter:data1\" content=\"5 minutes\" \/>\n<script type=\"application\/ld+json\" class=\"yoast-schema-graph\">{\"@context\":\"https:\\\/\\\/schema.org\",\"@graph\":[{\"@type\":\"WebPage\",\"@id\":\"https:\\\/\\\/www.srilankatransfer.de\\\/faq\\\/\",\"url\":\"https:\\\/\\\/www.srilankatransfer.de\\\/faq\\\/\",\"name\":\"FAQ - SRILANKLATRANSFER\",\"isPartOf\":{\"@id\":\"https:\\\/\\\/www.srilankatransfer.de\\\/#website\"},\"datePublished\":\"2020-05-09T13:59:05+00:00\",\"dateModified\":\"2020-05-09T14:01:45+00:00\",\"description\":\"\u2776 \u2713 Exklusiv \u2713 Zuverl\u00e4ssig \u2713 Bargeldlos. Genau mit Google-Maps berechnet. Erlebe Sri Lanka mit dem Taxi & Shuttle Fahrdienst, Airport-Transfer auf Sri Lanka.\",\"breadcrumb\":{\"@id\":\"https:\\\/\\\/www.srilankatransfer.de\\\/faq\\\/#breadcrumb\"},\"inLanguage\":\"en-US\",\"potentialAction\":[{\"@type\":\"ReadAction\",\"target\":[\"https:\\\/\\\/www.srilankatransfer.de\\\/faq\\\/\"]}]},{\"@type\":\"BreadcrumbList\",\"@id\":\"https:\\\/\\\/www.srilankatransfer.de\\\/faq\\\/#breadcrumb\",\"itemListElement\":[{\"@type\":\"ListItem\",\"position\":1,\"name\":\"Startseite\",\"item\":\"https:\\\/\\\/www.srilankatransfer.de\\\/\"},{\"@type\":\"ListItem\",\"position\":2,\"name\":\"FAQ\"}]},{\"@type\":\"WebSite\",\"@id\":\"https:\\\/\\\/www.srilankatransfer.de\\\/#website\",\"url\":\"https:\\\/\\\/www.srilankatransfer.de\\\/\",\"name\":\"SRILANKLATRANSFER\",\"description\":\"Dein privater Transfer in Sri Lanka\",\"publisher\":{\"@id\":\"https:\\\/\\\/www.srilankatransfer.de\\\/#organization\"},\"alternateName\":\"Transfer Sri Lanka\",\"potentialAction\":[{\"@type\":\"SearchAction\",\"target\":{\"@type\":\"EntryPoint\",\"urlTemplate\":\"https:\\\/\\\/www.srilankatransfer.de\\\/?s={search_term_string}\"},\"query-input\":{\"@type\":\"PropertyValueSpecification\",\"valueRequired\":true,\"valueName\":\"search_term_string\"}}],\"inLanguage\":\"en-US\"},{\"@type\":\"Organization\",\"@id\":\"https:\\\/\\\/www.srilankatransfer.de\\\/#organization\",\"name\":\"Sri Lanka Transfer\",\"url\":\"https:\\\/\\\/www.srilankatransfer.de\\\/\",\"logo\":{\"@type\":\"ImageObject\",\"inLanguage\":\"en-US\",\"@id\":\"https:\\\/\\\/www.srilankatransfer.de\\\/#\\\/schema\\\/logo\\\/image\\\/\",\"url\":\"https:\\\/\\\/www.srilankatransfer.de\\\/wp-content\\\/uploads\\\/2017\\\/11\\\/srilankatransfer-logo.png\",\"contentUrl\":\"https:\\\/\\\/www.srilankatransfer.de\\\/wp-content\\\/uploads\\\/2017\\\/11\\\/srilankatransfer-logo.png\",\"width\":300,\"height\":70,\"caption\":\"Sri Lanka Transfer\"},\"image\":{\"@id\":\"https:\\\/\\\/www.srilankatransfer.de\\\/#\\\/schema\\\/logo\\\/image\\\/\"}}]}<\/script>\n<!-- \/ Yoast SEO plugin. -->","yoast_head_json":{"title":"FAQ - SRILANKLATRANSFER","description":"\u2776 \u2713 Exclusive \u2713 Reliable \u2713 Cashless. Precisely calculated with Google Maps. Experience Sri Lanka with the cab &amp; shuttle service, airport transfer in Sri Lanka.","robots":{"index":"index","follow":"follow","max-snippet":"max-snippet:-1","max-image-preview":"max-image-preview:large","max-video-preview":"max-video-preview:-1"},"canonical":"https:\/\/www.srilankatransfer.de\/en\/faq\/","og_locale":"en_US","og_type":"article","og_title":"FAQ - SRILANKLATRANSFER","og_description":"\u2776 \u2713 Exklusiv \u2713 Zuverl\u00e4ssig \u2713 Bargeldlos. Genau mit Google-Maps berechnet. Erlebe Sri Lanka mit dem Taxi & Shuttle Fahrdienst, Airport-Transfer auf Sri Lanka.","og_url":"https:\/\/www.srilankatransfer.de\/en\/faq\/","og_site_name":"SRILANKLATRANSFER","article_modified_time":"2020-05-09T14:01:45+00:00","twitter_card":"summary_large_image","twitter_misc":{"Est. reading time":"5 minutes"},"schema":{"@context":"https:\/\/schema.org","@graph":[{"@type":"WebPage","@id":"https:\/\/www.srilankatransfer.de\/faq\/","url":"https:\/\/www.srilankatransfer.de\/faq\/","name":"FAQ - SRILANKLATRANSFER","isPartOf":{"@id":"https:\/\/www.srilankatransfer.de\/#website"},"datePublished":"2020-05-09T13:59:05+00:00","dateModified":"2020-05-09T14:01:45+00:00","description":"\u2776 \u2713 Exclusive \u2713 Reliable \u2713 Cashless. Precisely calculated with Google Maps. Experience Sri Lanka with the cab &amp; shuttle service, airport transfer in Sri Lanka.","breadcrumb":{"@id":"https:\/\/www.srilankatransfer.de\/faq\/#breadcrumb"},"inLanguage":"en-US","potentialAction":[{"@type":"ReadAction","target":["https:\/\/www.srilankatransfer.de\/faq\/"]}]},{"@type":"BreadcrumbList","@id":"https:\/\/www.srilankatransfer.de\/faq\/#breadcrumb","itemListElement":[{"@type":"ListItem","position":1,"name":"Startseite","item":"https:\/\/www.srilankatransfer.de\/"},{"@type":"ListItem","position":2,"name":"FAQ"}]},{"@type":"WebSite","@id":"https:\/\/www.srilankatransfer.de\/#website","url":"https:\/\/www.srilankatransfer.de\/","name":"SRILANKLATRANSFER","description":"Your private transfer in Sri Lanka","publisher":{"@id":"https:\/\/www.srilankatransfer.de\/#organization"},"alternateName":"Transfer Sri Lanka","potentialAction":[{"@type":"SearchAction","target":{"@type":"EntryPoint","urlTemplate":"https:\/\/www.srilankatransfer.de\/?s={search_term_string}"},"query-input":{"@type":"PropertyValueSpecification","valueRequired":true,"valueName":"search_term_string"}}],"inLanguage":"en-US"},{"@type":"Organization","@id":"https:\/\/www.srilankatransfer.de\/#organization","name":"Sri Lanka Transfer","url":"https:\/\/www.srilankatransfer.de\/","logo":{"@type":"ImageObject","inLanguage":"en-US","@id":"https:\/\/www.srilankatransfer.de\/#\/schema\/logo\/image\/","url":"https:\/\/www.srilankatransfer.de\/wp-content\/uploads\/2017\/11\/srilankatransfer-logo.png","contentUrl":"https:\/\/www.srilankatransfer.de\/wp-content\/uploads\/2017\/11\/srilankatransfer-logo.png","width":300,"height":70,"caption":"Sri Lanka Transfer"},"image":{"@id":"https:\/\/www.srilankatransfer.de\/#\/schema\/logo\/image\/"}}]}},"_links":{"self":[{"href":"https:\/\/www.srilankatransfer.de\/en\/wp-json\/wp\/v2\/pages\/10406","targetHints":{"allow":["GET"]}}],"collection":[{"href":"https:\/\/www.srilankatransfer.de\/en\/wp-json\/wp\/v2\/pages"}],"about":[{"href":"https:\/\/www.srilankatransfer.de\/en\/wp-json\/wp\/v2\/types\/page"}],"author":[{"embeddable":true,"href":"https:\/\/www.srilankatransfer.de\/en\/wp-json\/wp\/v2\/users\/1"}],"replies":[{"embeddable":true,"href":"https:\/\/www.srilankatransfer.de\/en\/wp-json\/wp\/v2\/comments?post=10406"}],"version-history":[{"count":0,"href":"https:\/\/www.srilankatransfer.de\/en\/wp-json\/wp\/v2\/pages\/10406\/revisions"}],"wp:attachment":[{"href":"https:\/\/www.srilankatransfer.de\/en\/wp-json\/wp\/v2\/media?parent=10406"}],"curies":[{"name":"wp","href":"https:\/\/api.w.org\/{rel}","templated":true}]}}